{"id":105,"date":"2017-01-14T16:53:42","date_gmt":"2017-01-14T15:53:42","guid":{"rendered":"https:\/\/www.schnopfi.com\/wordpress\/?page_id=105"},"modified":"2020-04-13T13:07:20","modified_gmt":"2020-04-13T11:07:20","slug":"impressum","status":"publish","type":"page","link":"https:\/\/www.schnopfi.com\/?page_id=105","title":{"rendered":"IMPRESSUM"},"content":{"rendered":"<h4>Auftraggeber und ausf\u00fchrender Verein:<\/h4>\n<p>Kultur-Werkstatt-Schnopfhagen<br \/>\nHerbert Pargfrieder<br \/>\nMarktplatz 9<br \/>\n4181 Oberneukirchen<br \/>\n+43 (0) 664\/9118806<br \/>\nMail: office@schnopfi.com<br \/>\nHomepage: www.schnopfi.com<\/p>\n<h4>Copyright<\/h4>\n<p>F\u00fcr den Inhalt und f\u00fcr die Richtigkeit ist die Kultur-Werkstatt-Schnopfhagen verantwortlich. \u2028Es kann keine Gew\u00e4hr f\u00fcr die Authentizit\u00e4t, Richtigkeit und Vollst\u00e4ndigkeit der im Internet zur Verf\u00fcgung gestellten Informationen \u00fcbernommen werden. Es wird auch keine Gew\u00e4hr f\u00fcr die Verf\u00fcgbarkeit oder den Betrieb der gegenst\u00e4ndlichen Homepage und ihrer Inhalte \u00fcbernommen.<br \/>\nJede Haftung f\u00fcr unmittelbare, mittelbare oder sonstige Sch\u00e4den, unabh\u00e4ngig\u2028von deren Ursachen, die aus der Benutzung oder Nichtverf\u00fcgbarkeit der Daten\u2028und Informationen dieser Homepage erwachsen, wird, soweit rechtlich zul\u00e4ssig, \u2028ausgeschlossen.<br \/>\nDer Inhalt dieser Homepage ist urheberrechtlich gesch\u00fctzt. Die Informationen\u2028sind nur f\u00fcr die pers\u00f6nliche Verwendung bestimmt. Jede weitergehende Nutzung\u2028insbesondere die Speicherung in Datenbanken, Vervielf\u00e4ltigung und jede Form\u2028von gewerblicher Nutzung sowie die Weitergabe an Dritte &#8211; auch in Teilen oder\u2028in \u00fcberarbeiteter Form &#8211; ohne Zustimmung des Vereines ist untersagt.<br \/>\nHyperlinks auf schnopfi.com sind willkommen. Jede Einbindung einzelner Seiten unserer Homepage in fremde Frames ist zu unterlassen.<\/p>\n<h4>Fotos<\/h4>\n<p>\u00a9\u00a0Kultur-Werkstatt-Schnopfhagen<br \/>\n<span style=\"color: #808080;\">Erich Pr\u00f6ll bis 2016<\/span><br \/>\nHerbert und Erika Ganglberger ab 2017<\/p>\n<h4>Datenschutzbestimmungen per 25.5.2018<\/h4>\n<p>Geltungsbereich<br \/>\nDer Websitebetreiber nimmt Ihren Datenschutz sehr ernst und behandelt Ihre personenbezogenen Daten vertraulich und entsprechend der gesetzlichen Vorschriften. Bedenken Sie, dass die Daten\u00fcbertragung im Internet grunds\u00e4tzlich mit Sicherheitsl\u00fccken bedacht sein kann. Ein vollumf\u00e4nglicher Schutz vor dem Zugriff durch Fremde ist nicht realisierbar.<br \/>\nCookies<br \/>\nDiese Website verwendet Cookies.<\/p>\n<p>Umgang mit personenbezogenen Daten<br \/>\nDer Websitebetreiber erhebt, nutzt und gibt Ihre personenbezogenen Daten nur dann weiter, wenn dies im gesetzlichen Rahmen erlaubt ist oder Sie in die Datenerhebung einwilligen. Als personenbezogene Daten gelten s\u00e4mtliche Informationen, welche dazu dienen, Ihre Person zu bestimmen und welche zu Ihnen zur\u00fcckverfolgt werden k\u00f6nnen &#8211; also Ihr Name und Ihre E-Mail-Adresse, Adresse und Telefonnummer.<\/p>\n<p>Umgang mit Kontaktdaten<br \/>\nNehmen Sie mit dem Websitebetreiber durch die angebotenen Kontaktm\u00f6glichkeiten Verbindung auf, werden Ihre Angaben gespeichert, damit auf diese zur Bearbeitung und Beantwortung Ihrer Anfrage zur\u00fcckgegriffen werden kann. Ohne Ihre Einwilligung werden diese Daten nicht an Dritte weitergegeben.<\/p>\n<p>Newsletter-Abonnement<br \/>\nDer Websitebetreiber bietet Ihnen einen Newsletter an, in welchem er Sie \u00fcber aktuelle Geschehnisse und Angebote informiert. M\u00f6chten Sie den Newsletter abonnieren, m\u00fcssen Sie eine valide E-Mail-Adresse angeben.<\/p>\n<p>Rechte des Nutzers: Auskunft, Berichtigung und L\u00f6schung<br \/>\nSie als Nutzer erhalten auf Antrag Ihrerseits kostenlose Auskunft dar\u00fcber, welche personenbezogenen Daten \u00fcber Sie gespeichert wurden. Sofern Ihr Wunsch nicht mit einer gesetzlichen Pflicht zur Aufbewahrung von Daten (z. B. Vorratsdatenspeicherung) kollidiert, haben Sie ein Anrecht auf Berichtigung falscher Daten und auf die Sperrung oder L\u00f6schung Ihrer personenbezogenen Daten.<\/p>\n<p>Wenn Sie uns kontaktieren, um einen Auftritt zu vereinbaren:<br \/>\nSie haben uns Daten \u00fcber sich freiwillig zur Verf\u00fcgung gestellt und wir verarbeiten diese Daten auf Grundlage Ihrer Einwilligung zu folgenden Zwecken: Planung und Durchf\u00fchrung von Auftritten im Schnopfhagen-Stadl und Information \u00fcber unser Programm.<br \/>\n* * * Sie k\u00f6nnen diese Einwilligung jederzeit widerrufen. * * *<br \/>\nEin Widerruf hat zur Folge, dass wir Ihre Daten ab diesem Zeitpunkt zu oben genannten Zwecken nicht mehr verarbeiten. F\u00fcr einen Widerruf wenden Sie sich bitte an uns. Die von Ihnen bereit gestellten Daten sind zur Vertragserf\u00fcllung bzw. zur Durchf\u00fchrung vorvertraglicher Ma\u00dfnahmen erforderlich. Wir speichern Ihre Daten 7 Jahre nach Ablauf der letzten Gesch\u00e4ftsbeziehung (Aufbewahrungspflicht nach \u00a7 132 Abs 1 BAO, 190, 212 UGB). Ihre Daten werden &#8211; ohne Ihre ausdr\u00fcckliche Einwilligung &#8211; nicht an Dritte weitergegeben (ausgenommen auf berechtigte beh\u00f6rdliche Aufforderung).<\/p>\n","protected":false},"excerpt":{"rendered":"<p>Auftraggeber und ausf\u00fchrender Verein: Kultur-Werkstatt-Schnopfhagen Herbert Pargfrieder Marktplatz 9 4181 Oberneukirchen +43 (0) 664\/9118806 Mail: office@schnopfi.com Homepage: www.schnopfi.com Copyright F\u00fcr den Inhalt und f\u00fcr die Richtigkeit ist die Kultur-Werkstatt-Schnopfhagen verantwortlich. \u2028Es kann keine Gew\u00e4hr f\u00fcr die Authentizit\u00e4t, Richtigkeit und Vollst\u00e4ndigkeit der im Internet zur Verf\u00fcgung gestellten Informationen \u00fcbernommen werden. Es wird auch keine Gew\u00e4hr f\u00fcr &hellip; <a href=\"https:\/\/www.schnopfi.com\/?page_id=105\" class=\"more-link\"><span class=\"screen-reader-text\">\u201eIMPRESSUM\u201c<\/span> weiterlesen<\/a><\/p>\n","protected":false},"author":1,"featured_media":0,"parent":0,"menu_order":0,"comment_status":"closed","ping_status":"closed","template":"","meta":{"footnotes":""},"class_list":["post-105","page","type-page","status-publish","hentry"],"_links":{"self":[{"href":"https:\/\/www.schnopfi.com\/index.php?rest_route=\/wp\/v2\/pages\/105","targetHints":{"allow":["GET"]}}],"collection":[{"href":"https:\/\/www.schnopfi.com\/index.php?rest_route=\/wp\/v2\/pages"}],"about":[{"href":"https:\/\/www.schnopfi.com\/index.php?rest_route=\/wp\/v2\/types\/page"}],"author":[{"embeddable":true,"href":"https:\/\/www.schnopfi.com\/index.php?rest_route=\/wp\/v2\/users\/1"}],"replies":[{"embeddable":true,"href":"https:\/\/www.schnopfi.com\/index.php?rest_route=%2Fwp%2Fv2%2Fcomments&post=105"}],"version-history":[{"count":11,"href":"https:\/\/www.schnopfi.com\/index.php?rest_route=\/wp\/v2\/pages\/105\/revisions"}],"predecessor-version":[{"id":2283,"href":"https:\/\/www.schnopfi.com\/index.php?rest_route=\/wp\/v2\/pages\/105\/revisions\/2283"}],"wp:attachment":[{"href":"https:\/\/www.schnopfi.com\/index.php?rest_route=%2Fwp%2Fv2%2Fmedia&parent=105"}],"curies":[{"name":"wp","href":"https:\/\/api.w.org\/{rel}","templated":true}]}}