{"id":116,"date":"2017-01-14T17:48:15","date_gmt":"2017-01-14T16:48:15","guid":{"rendered":"https:\/\/www.schnopfi.com\/wordpress\/?page_id=116"},"modified":"2017-01-14T17:48:15","modified_gmt":"2017-01-14T16:48:15","slug":"lageplan","status":"publish","type":"page","link":"https:\/\/www.schnopfi.com\/?page_id=116","title":{"rendered":"LAGEPLAN"},"content":{"rendered":"<p>Von Linz aus ist Oberneukirchen in ca. 30 Minuten erreichbar. Linz &#8211; Urfahr &#8211; der B 126 folgend \u00fcber Hellmons\u00f6dt (Glasau) nach Zwettl an der Rodl &#8211; in Zwettl links abbiegen nach Oberneukirchen.<\/p>\n<p><iframe loading=\"lazy\" src=\"https:\/\/www.google.com\/maps\/embed?pb=!1m18!1m12!1m3!1d2645.617710376663!2d14.225910516085927!3d48.46386407925075!2m3!1f0!2f0!3f0!3m2!1i1024!2i768!4f13.1!3m3!1m2!1s0x47739d6b9b9d3f79%3A0x1ff5e596d24d13ee!2sRingstra%C3%9Fe+15%2C+4181+Oberneukirchen!5e0!3m2!1sde!2sat!4v1484412459771\" width=\"800\" height=\"600\" frameborder=\"0\" style=\"border:0\" allowfullscreen><\/iframe><\/p>\n<p>Navigationssystem<\/p>\n<p>Der Stadl hat die Adresse Ringstra\u00dfe 15. In der N\u00e4he befindet sich auch ein Parkplatz.<br \/>\n<img loading=\"lazy\" decoding=\"async\" class=\"alignnone size-medium wp-image-117\" src=\"https:\/\/www.schnopfi.com\/wordpress\/wp-content\/uploads\/2017\/01\/lageplan2-300x168.gif\" alt=\"\" width=\"300\" height=\"168\" \/><\/p>\n<p>Aus Richtung Waxenberg kommend<\/p>\n<p>Waxenbergerstra\u00dfe entlang und noch vor dem Marktplatz rechts in die Badstra\u00dfe einbiegen. Ca. 100 Meter geradeaus, dann links in die Ringsta\u00dfe einbiegen. Nach ca. 150 m befindet sich links der Stadl. Braune Hinweistafeln &#8222;Schnopfhagen-Stadl&#8220; sind angebracht.<br \/>\n<img loading=\"lazy\" decoding=\"async\" src=\"https:\/\/www.schnopfi.com\/wordpress\/wp-content\/uploads\/2017\/01\/lageplan4-300x207.jpg\" alt=\"\" width=\"300\" height=\"207\" class=\"alignnone size-medium wp-image-119\" srcset=\"https:\/\/www.schnopfi.com\/wordpress\/wp-content\/uploads\/2017\/01\/lageplan4-300x207.jpg 300w, https:\/\/www.schnopfi.com\/wordpress\/wp-content\/uploads\/2017\/01\/lageplan4.jpg 400w\" sizes=\"auto, (max-width: 300px) 85vw, 300px\" \/><\/p>\n<p>Aus Richtung Zwettl kommend<\/p>\n<p>Zwettlerstra\u00dfe entlang und noch vor dem Marktplatz links in die Ringstra\u00dfe einbiegen. Nach ca. 300m befindet sich rechts der Stadl. Unmittelbar vor dem Stadl ist ein Parkplatz. Braune Hinweistafel &#8222;Schnopfhagen-Stadl&#8220; ist angebracht.<br \/>\n<img loading=\"lazy\" decoding=\"async\" src=\"https:\/\/www.schnopfi.com\/wordpress\/wp-content\/uploads\/2017\/01\/lageplan3-300x207.jpg\" alt=\"\" width=\"300\" height=\"207\" class=\"alignnone size-medium wp-image-118\" srcset=\"https:\/\/www.schnopfi.com\/wordpress\/wp-content\/uploads\/2017\/01\/lageplan3-300x207.jpg 300w, https:\/\/www.schnopfi.com\/wordpress\/wp-content\/uploads\/2017\/01\/lageplan3.jpg 400w\" sizes=\"auto, (max-width: 300px) 85vw, 300px\" \/><\/p>\n","protected":false},"excerpt":{"rendered":"<p>Von Linz aus ist Oberneukirchen in ca. 30 Minuten erreichbar. Linz &#8211; Urfahr &#8211; der B 126 folgend \u00fcber Hellmons\u00f6dt (Glasau) nach Zwettl an der Rodl &#8211; in Zwettl links abbiegen nach Oberneukirchen. Navigationssystem Der Stadl hat die Adresse Ringstra\u00dfe 15. In der N\u00e4he befindet sich auch ein Parkplatz. Aus Richtung Waxenberg kommend Waxenbergerstra\u00dfe entlang &hellip; <a href=\"https:\/\/www.schnopfi.com\/?page_id=116\" class=\"more-link\"><span class=\"screen-reader-text\">\u201eLAGEPLAN\u201c<\/span> weiterlesen<\/a><\/p>\n","protected":false},"author":1,"featured_media":0,"parent":0,"menu_order":0,"comment_status":"closed","ping_status":"closed","template":"","meta":{"footnotes":""},"class_list":["post-116","page","type-page","status-publish","hentry"],"_links":{"self":[{"href":"https:\/\/www.schnopfi.com\/index.php?rest_route=\/wp\/v2\/pages\/116","targetHints":{"allow":["GET"]}}],"collection":[{"href":"https:\/\/www.schnopfi.com\/index.php?rest_route=\/wp\/v2\/pages"}],"about":[{"href":"https:\/\/www.schnopfi.com\/index.php?rest_route=\/wp\/v2\/types\/page"}],"author":[{"embeddable":true,"href":"https:\/\/www.schnopfi.com\/index.php?rest_route=\/wp\/v2\/users\/1"}],"replies":[{"embeddable":true,"href":"https:\/\/www.schnopfi.com\/index.php?rest_route=%2Fwp%2Fv2%2Fcomments&post=116"}],"version-history":[{"count":1,"href":"https:\/\/www.schnopfi.com\/index.php?rest_route=\/wp\/v2\/pages\/116\/revisions"}],"predecessor-version":[{"id":120,"href":"https:\/\/www.schnopfi.com\/index.php?rest_route=\/wp\/v2\/pages\/116\/revisions\/120"}],"wp:attachment":[{"href":"https:\/\/www.schnopfi.com\/index.php?rest_route=%2Fwp%2Fv2%2Fmedia&parent=116"}],"curies":[{"name":"wp","href":"https:\/\/api.w.org\/{rel}","templated":true}]}}